{"id":820,"date":"2023-08-23T14:37:38","date_gmt":"2023-08-23T14:37:38","guid":{"rendered":"https:\/\/serene-joliot.109-228-60-233.plesk.page\/engineering\/?page_id=820"},"modified":"2023-11-03T13:38:14","modified_gmt":"2023-11-03T13:38:14","slug":"cosa-facciamo","status":"publish","type":"page","link":"https:\/\/fidema.com\/engineering\/cosa-facciamo\/","title":{"rendered":"Cosa Facciamo"},"content":{"rendered":"\t\t<div data-elementor-type=\"wp-page\" data-elementor-id=\"820\" class=\"elementor elementor-820\" data-elementor-post-type=\"page\">\n\t\t\t\t\t\t<section data-dce-background-color=\"#072346\" class=\"elementor-section elementor-top-section elementor-element elementor-element-62bbbe77 elementor-section-full_width elementor-section-height-min-height elementor-section-items-bottom elementor-section-height-default\" data-id=\"62bbbe77\" data-element_type=\"section\" data-settings=\"{&quot;background_background&quot;:&quot;gradient&quot;}\">\n\t\t\t\t\t\t<div class=\"elementor-container elementor-column-gap-default\">\n\t\t\t\t\t<div class=\"elementor-column elementor-col-50 elementor-top-column elementor-element elementor-element-1c5b4066\" data-id=\"1c5b4066\" data-element_type=\"column\">\n\t\t\t<div class=\"elementor-widget-wrap\">\n\t\t\t\t\t\t\t<\/div>\n\t\t<\/div>\n\t\t\t\t<div data-dce-background-image-url=\"https:\/\/fidema.com\/engineering\/wp-content\/uploads\/2023\/08\/engineering.png\" class=\"elementor-column elementor-col-50 elementor-top-column elementor-element elementor-element-51b26aac\" data-id=\"51b26aac\" data-element_type=\"column\" data-settings=\"{&quot;background_background&quot;:&quot;classic&quot;}\">\n\t\t\t<div class=\"elementor-widget-wrap elementor-element-populated\">\n\t\t\t\t\t\t<div class=\"elementor-element elementor-element-390f048f elementor-widget__width-auto elementor-widget elementor-widget-heading\" data-id=\"390f048f\" data-element_type=\"widget\" data-widget_type=\"heading.default\">\n\t\t\t\t<div class=\"elementor-widget-container\">\n\t\t\t<style>\/*! elementor - v3.19.0 - 29-01-2024 *\/\n.elementor-heading-title{padding:0;margin:0;line-height:1}.elementor-widget-heading .elementor-heading-title[class*=elementor-size-]>a{color:inherit;font-size:inherit;line-height:inherit}.elementor-widget-heading .elementor-heading-title.elementor-size-small{font-size:15px}.elementor-widget-heading .elementor-heading-title.elementor-size-medium{font-size:19px}.elementor-widget-heading .elementor-heading-title.elementor-size-large{font-size:29px}.elementor-widget-heading .elementor-heading-title.elementor-size-xl{font-size:39px}.elementor-widget-heading .elementor-heading-title.elementor-size-xxl{font-size:59px}<\/style><h2 class=\"elementor-heading-title elementor-size-default\">COSA FACCIAMO<\/h2>\t\t<\/div>\n\t\t\t\t<\/div>\n\t\t\t\t\t<\/div>\n\t\t<\/div>\n\t\t\t\t\t<\/div>\n\t\t<\/section>\n\t\t\t\t<section data-dce-background-color=\"#00408A\" data-dce-background-overlay-color=\"#000000\" class=\"elementor-section elementor-top-section elementor-element elementor-element-43b5854a elementor-section-full_width elementor-section-height-default elementor-section-height-default\" data-id=\"43b5854a\" data-element_type=\"section\" data-settings=\"{&quot;background_background&quot;:&quot;classic&quot;,&quot;background_motion_fx_motion_fx_scrolling&quot;:&quot;yes&quot;,&quot;background_motion_fx_translateX_effect&quot;:&quot;yes&quot;,&quot;background_motion_fx_translateX_speed&quot;:{&quot;unit&quot;:&quot;px&quot;,&quot;size&quot;:4,&quot;sizes&quot;:[]},&quot;background_motion_fx_translateX_affectedRange&quot;:{&quot;unit&quot;:&quot;%&quot;,&quot;size&quot;:&quot;&quot;,&quot;sizes&quot;:{&quot;start&quot;:0,&quot;end&quot;:100}},&quot;background_motion_fx_devices&quot;:[&quot;desktop&quot;,&quot;tablet&quot;,&quot;mobile&quot;]}\">\n\t\t\t\t\t\t\t<div class=\"elementor-background-overlay\"><\/div>\n\t\t\t\t\t\t\t<div class=\"elementor-container elementor-column-gap-default\">\n\t\t\t\t\t<div data-dce-background-image-url=\"https:\/\/fidema.com\/engineering\/wp-content\/uploads\/2023\/08\/Sfondo-sfumato-engineering-1.png\" class=\"elementor-column elementor-col-50 elementor-top-column elementor-element elementor-element-412d9cf1\" data-id=\"412d9cf1\" data-element_type=\"column\" data-settings=\"{&quot;background_background&quot;:&quot;classic&quot;}\">\n\t\t\t<div class=\"elementor-widget-wrap elementor-element-populated\">\n\t\t\t\t\t\t<div class=\"elementor-element elementor-element-19fb069 elementor-widget elementor-widget-image\" data-id=\"19fb069\" data-element_type=\"widget\" data-widget_type=\"image.default\">\n\t\t\t\t<div class=\"elementor-widget-container\">\n\t\t\t<style>\/*! elementor - v3.19.0 - 29-01-2024 *\/\n.elementor-widget-image{text-align:center}.elementor-widget-image a{display:inline-block}.elementor-widget-image a img[src$=\".svg\"]{width:48px}.elementor-widget-image img{vertical-align:middle;display:inline-block}<\/style>\t\t\t\t\t\t\t\t\t\t<img fetchpriority=\"high\" decoding=\"async\" width=\"808\" height=\"701\" src=\"https:\/\/fidema.com\/engineering\/wp-content\/uploads\/2023\/08\/00-1.png\" class=\"attachment-large size-large wp-image-848\" alt=\"\" srcset=\"https:\/\/fidema.com\/engineering\/wp-content\/uploads\/2023\/08\/00-1.png 808w, https:\/\/fidema.com\/engineering\/wp-content\/uploads\/2023\/08\/00-1-300x260.png 300w, https:\/\/fidema.com\/engineering\/wp-content\/uploads\/2023\/08\/00-1-768x666.png 768w\" sizes=\"(max-width: 808px) 100vw, 808px\" \/>\t\t\t\t\t\t\t\t\t\t\t\t\t<\/div>\n\t\t\t\t<\/div>\n\t\t\t\t\t<\/div>\n\t\t<\/div>\n\t\t\t\t<div class=\"elementor-column elementor-col-50 elementor-top-column elementor-element elementor-element-6f51e28\" data-id=\"6f51e28\" data-element_type=\"column\">\n\t\t\t<div class=\"elementor-widget-wrap elementor-element-populated\">\n\t\t\t\t\t\t<div class=\"elementor-element elementor-element-53db499 elementor-widget elementor-widget-ucaddon_remote_item_navigation\" data-id=\"53db499\" data-element_type=\"widget\" data-widget_type=\"ucaddon_remote_item_navigation.default\">\n\t\t\t\t<div class=\"elementor-widget-container\">\n\t\t\t<!-- start Remote Item Navigation -->\n\t\t\t<style type=\"text\/css\">\/* widget: Remote Item Navigation *\/\n\n#uc_remote_item_navigation_elementor10998\n{\n  display:flex;\n  flex-wrap: wrap;\n}\n\n#uc_remote_item_navigation_elementor10998 .ue-item-button\n{\n  display:flex;\n  cursor:pointer;\n  transition:0.3s;\n}\n\n#uc_remote_item_navigation_elementor10998 .ue-item-hero\n{\n  display:flex;\n  justify-content:center;\n  align-items:center;\n  position:relative;\n  line-height:1em;\n  transition:0.3s;\n}\n\n#uc_remote_item_navigation_elementor10998 .ue-item-hero svg\n{\n  height:1em;\n  width:1em;\n  transition:0.3s;\n}\n\n#uc_remote_item_navigation_elementor10998 .ue-item-hero .ue-item-hero-label\n{\n  position:absolute;\n  left:2px;\n  top:0px;\n  display:flex;\n  justify-content:center;\n  align-items:center;\n  transition:0.3s;\n}\n\n#uc_remote_item_navigation_elementor10998 .ue-item-hero img\n{\n  width:100%;\n  height:100%;\n  top:0px;\n  left:0px;\n  right:0px;\n  bottom:0px;\n  position:absolute;\n  transition:0.3s;\n}\n\n\n\n.ue-item-hero-label\n{\n  line-height:1em; \n  font-size:10px;\n  transition:0.3s;\n}\n\n.ue-item-hero-icon\n{\n  position:relative;\n  transition:0.3s;\n}\n\n.ue-item-button-title\n{\n  transition:0.3s;\n}\n\n\n\n<\/style>\n\n\t\t\t<div id=\"uc_remote_item_navigation_elementor10998\" class=\"remote_item_navigation\"  data-parentid='first'>\n  <div class=\"ue-item-button elementor-repeater-item-8c00b37 \" data-numitem=\"1\">\n  <div class=\"ue-item-hero\">\n    \n        \n    \n        \n        \n    \n  <\/div>\n  \n        <div class=\"ue-item-button-spacer\"><\/div>\n      <div class=\"ue-item-button-title\">BASIC DESIGN<\/div>\n  <\/div>\n<div class=\"ue-item-button elementor-repeater-item-5387c91 \" data-numitem=\"2\">\n  <div class=\"ue-item-hero\">\n    \n        \n    \n        \n        \n    \n  <\/div>\n  \n        <div class=\"ue-item-button-spacer\"><\/div>\n      <div class=\"ue-item-button-title\">FEM ANALISYS<\/div>\n  <\/div>\n<div class=\"ue-item-button elementor-repeater-item-ec950e6 \" data-numitem=\"3\">\n  <div class=\"ue-item-hero\">\n    \n        \n    \n        \n        \n    \n  <\/div>\n  \n        <div class=\"ue-item-button-spacer\"><\/div>\n      <div class=\"ue-item-button-title\">COORDINATION PLANS<\/div>\n  <\/div>\n<div class=\"ue-item-button elementor-repeater-item-6a12989 \" data-numitem=\"4\">\n  <div class=\"ue-item-hero\">\n    \n        \n    \n        \n        \n    \n  <\/div>\n  \n        <div class=\"ue-item-button-spacer\"><\/div>\n      <div class=\"ue-item-button-title\">FUNCTIONAL ENGEENERING<\/div>\n  <\/div>\n<div class=\"ue-item-button elementor-repeater-item-987d4f9 \" data-numitem=\"5\">\n  <div class=\"ue-item-hero\">\n    \n        \n    \n        \n        \n    \n  <\/div>\n  \n        <div class=\"ue-item-button-spacer\"><\/div>\n      <div class=\"ue-item-button-title\">CFD ANALYSIS<\/div>\n  <\/div>\n<div class=\"ue-item-button elementor-repeater-item-ad624be \" data-numitem=\"6\">\n  <div class=\"ue-item-hero\">\n    \n        \n    \n        \n        \n    \n  <\/div>\n  \n        <div class=\"ue-item-button-spacer\"><\/div>\n      <div class=\"ue-item-button-title\">TAGGING<\/div>\n  <\/div>\n<div class=\"ue-item-button elementor-repeater-item-731ffcc \" data-numitem=\"7\">\n  <div class=\"ue-item-hero\">\n    \n        \n    \n        \n        \n    \n  <\/div>\n  \n        <div class=\"ue-item-button-spacer\"><\/div>\n      <div class=\"ue-item-button-title\">STRUCTURAL ENGEENERING<\/div>\n  <\/div>\n<div class=\"ue-item-button elementor-repeater-item-58335cb \" data-numitem=\"8\">\n  <div class=\"ue-item-hero\">\n    \n        \n    \n        \n        \n    \n  <\/div>\n  \n        <div class=\"ue-item-button-spacer\"><\/div>\n      <div class=\"ue-item-button-title\">CFD ANALYSIS<\/div>\n  <\/div>\n<div class=\"ue-item-button elementor-repeater-item-4b9eb92 \" data-numitem=\"9\">\n  <div class=\"ue-item-hero\">\n    \n        \n    \n        \n        \n    \n  <\/div>\n  \n        <div class=\"ue-item-button-spacer\"><\/div>\n      <div class=\"ue-item-button-title\">NON-DESTRUCTIVE TESTS<\/div>\n  <\/div>\n\n<\/div>\n\t\t\t<!-- end Remote Item Navigation -->\t\t<\/div>\n\t\t\t\t<\/div>\n\t\t\t\t<div class=\"elementor-element elementor-element-d54b7b6 elementor-widget elementor-widget-ucaddon_content_slider_new\" data-id=\"d54b7b6\" data-element_type=\"widget\" data-widget_type=\"ucaddon_content_slider_new.default\">\n\t\t\t\t<div class=\"elementor-widget-container\">\n\t\t\t<!-- start Content Slider -->\n\t\t<link id='font-awesome-css' href='https:\/\/fidema.com\/engineering\/wp-content\/plugins\/unlimited-elements-for-elementor-premium\/assets_libraries\/font-awesome5\/css\/fontawesome-all.min.css' type='text\/css' rel='stylesheet' >\n\t\t<link id='font-awesome-4-shim-css' href='https:\/\/fidema.com\/engineering\/wp-content\/plugins\/unlimited-elements-for-elementor-premium\/assets_libraries\/font-awesome5\/css\/fontawesome-v4-shims.css' type='text\/css' rel='stylesheet' >\n\t\t<link id='owl-carousel-css' href='https:\/\/fidema.com\/engineering\/wp-content\/plugins\/unlimited-elements-for-elementor-premium\/assets_libraries\/owl-carousel-new\/assets\/owl.carousel.css' type='text\/css' rel='stylesheet' >\n\t\t<link id='uc_ac_assets_file_animate_css_77907-css' href='https:\/\/fidema.com\/engineering\/wp-content\/uploads\/ac_assets\/uc_content_slider_new\/animate.css' type='text\/css' rel='stylesheet' >\n\n\t\t\t<style type=\"text\/css\">\/* widget: Content Slider *\/\n\n#uc_content_slider_new_elementor26475-wrapper\n{\n  min-height:1px;\n}\n#uc_content_slider_new_elementor26475 .uc_fbps_slide\n{\n  position:relative;\n  overflow:hidden;\n  display:flex;\n  \n}\n\n#uc_content_slider_new_elementor26475 .owl-carousel .animated   {\n-webkit-animation-duration: 1000ms;\nanimation-duration: 1000ms;\n}\n\n#uc_content_slider_new_elementor26475 .uc_fbps_container_image img\n{\n  display:inline-block;\n}\n\n#uc_content_slider_new_elementor26475 .uc_fbps_content\n{\n  position:relative;\n}\n\n.uc_fbps_container_title\n{\n  font-size:21px;\n}\n\n#uc_content_slider_new_elementor26475 .ue-btn {\n\ttext-decoration:none;\n\ttransition: all 0.5s ease;\n    text-align:center;\n}\n\n#uc_content_slider_new_elementor26475 .ue-item-overlay\n{\n  position:absolute;\n  top:0px;\n  left:0px;\n  right:0px;\n  bottom:0px;\n}\n\n#uc_content_slider_new_elementor26475 .ue-item-image\n{\n  background-repeat:no-repeat;\n  position:absolute;\n  top:0px;\n  left:0px;\n  right:0px;\n  bottom:0px;\n}\n\n#uc_content_slider_new_elementor26475 .owl-dots {\noverflow:hidden;\ntext-align:center;\nposition:relative;\nz-index:2;\n}\n\n#uc_content_slider_new_elementor26475 .owl-dot {\nborder-radius:50%;\ndisplay:inline-block;\n}\n\n#uc_content_slider_new_elementor26475 .owl-nav .owl-prev{\n    position:absolute;\n    display:inline-block;\n    text-align:center;\n}\n#uc_content_slider_new_elementor26475 .owl-nav .owl-next{\n  position:absolute;\n  display:inline-block;\n  text-align:center;\n}\n\n#uc_content_slider_new_elementor26475 .owl-nav .disabled\n{\n    display: none;  \n}\n\n\n#uc_content_slider_new_elementor26475 .ue-item-icon\n{\n  line-height:1em;\n  display:inline-flex;\n  justify-content:center;\n  align-items:center;\n  \n}\n\n#uc_content_slider_new_elementor26475 .ue-item-icon svg\n{\n  height:1em;\n  width:1em;\n}\n\n\t\n\n\n\n\n\n\n\n\n<\/style>\n\n\t\t\t<div id=\"uc_content_slider_new_elementor26475-wrapper\">\n<div class=\"uc_fixed_box_postslider\" id=\"uc_content_slider_new_elementor26475\" style=\"direction:ltr;\">\n        <div class=\"uc_fbps_container\">\n            <div id=\"slider-uc_content_slider_new_elementor26475\" class=\"owl-carousel  uc-remote-parent\"  data-remoteid='first' data-widgetname='Content Slider' data-sync='true' data-syncid='group1'>\n            \t<div class=\"uc_fbps_slide elementor-repeater-item-d96e3f9\" >\n  <div style=\"background-image:url();\" class=\"ue-item-image\"><\/div>\n  <div class=\"ue-item-overlay\"><\/div>\n \n    \n        <div class=\"uc_fbps_content \">\n        \n                <div class=\"uc_fbps_container_title\">BASIC DESIGN<\/div>\n        \n                <div class=\"uc_fbps_container_desc\">Studi concettuali e di fattibilit\u00e0<br>\nOttimizzazione dimensionale<br>\nSpecifiche tecniche preliminari<br>\nSpecifica nave\nStudi di fattibilit\u00e0 SRPT<br>\nPiano generale<br>\nPiano di capacit\u00e0<br>\nCalcolo preliminare peso nave<br>\nPiano di Visibilit\u00e0 dalla plancia di comando<br>\nCalcoli di stazza<br>\nCalcolo del modulo d\u2019armo \/ Equipment number calculation<br>\nPiano fanali Light plan<br>\nCalcoli preliminari di stabilit\u00e0<br>\nPrevisione di resistenza al moto e potenza<br>\nSistemazione di macchina \/ Engine room arrangement<br>\nPiano dei ferri \/ Scantling plan<\/div>\n        \n              <\/div>\n        \n    \n        \n    \n    \n \n<\/div>\n<div class=\"uc_fbps_slide elementor-repeater-item-6c00dd1\" >\n  <div style=\"background-image:url();\" class=\"ue-item-image\"><\/div>\n  <div class=\"ue-item-overlay\"><\/div>\n \n    \n        <div class=\"uc_fbps_content \">\n        \n                <div class=\"uc_fbps_container_title\">FEM ANALISYS<\/div>\n        \n                <div class=\"uc_fbps_container_desc\">Analisi strutturale statica e dinamica<br>\nAnalisi non lineari \/ Nonlinear analysis<br>\nAnalisi di instabilit\u00e0 a pressoflessione (buckling) <br>\nAnalisi di fatica<br>\nAnalisi modale<br>\nSimulazioni dinamiche di corpi rigidi<br>\nSimulazioni multimateriale<br>\nSimulazioni parametriche\n<\/div>\n        \n              <\/div>\n        \n    \n        \n    \n    \n \n<\/div>\n<div class=\"uc_fbps_slide elementor-repeater-item-e805d31\" >\n  <div style=\"background-image:url();\" class=\"ue-item-image\"><\/div>\n  <div class=\"ue-item-overlay\"><\/div>\n \n    \n        <div class=\"uc_fbps_content \">\n        \n                <div class=\"uc_fbps_container_title\">COORDINATION PLANS<\/div>\n        \n                <div class=\"uc_fbps_container_desc\">Piani di coordinamento<br>\nDisegni<br>\nSchizzi di tubazioni<br>\nElenco materiali<br>\nListe di taglio per condotti e tubazioni<br>\nSistemazione macchine<br>\n<\/div>\n        \n              <\/div>\n        \n    \n        \n    \n    \n \n<\/div>\n<div class=\"uc_fbps_slide elementor-repeater-item-caf60f9\" >\n  <div style=\"background-image:url();\" class=\"ue-item-image\"><\/div>\n  <div class=\"ue-item-overlay\"><\/div>\n \n    \n        <div class=\"uc_fbps_content \">\n        \n                <div class=\"uc_fbps_container_title\">FUNCTIONAL ENGEENERING<\/div>\n        \n                <div class=\"uc_fbps_container_desc\">Piano dei ferri \/ Scantling plan<br>\nSchemi funzionali di impianti (P&Id) <br>\nAnalisi SRTP<br>\nAnalisi stazionarie del flusso negli impianti (perdita di carico\u2026) \/ Stationary analysis of plants (head loss\u2026)<br>\nAnalisi transitorie del flusso negli impianti (colpo d'ariete, tasche di cavitazione...) <br>\nDiagrammi HVAC compresi calcoli di perdita termica e di pressione<br>\nPiani di sicurezza della nave (LSA, Piano antincendio, Piano di fuga\u2026)\n<\/div>\n        \n              <\/div>\n        \n    \n        \n    \n    \n \n<\/div>\n<div class=\"uc_fbps_slide elementor-repeater-item-f355c74\" >\n  <div style=\"background-image:url();\" class=\"ue-item-image\"><\/div>\n  <div class=\"ue-item-overlay\"><\/div>\n \n    \n        <div class=\"uc_fbps_content \">\n        \n                <div class=\"uc_fbps_container_title\">CFD ANALYSIS<\/div>\n        \n                <div class=\"uc_fbps_container_desc\">Resistenza al moto<br>\nPortanza di un corpo<br>\nPerdite di carico nelle tubazioni<br>\nParticle traking \n<\/div>\n        \n              <\/div>\n        \n    \n        \n    \n    \n \n<\/div>\n<div class=\"uc_fbps_slide elementor-repeater-item-f779349\" >\n  <div style=\"background-image:url();\" class=\"ue-item-image\"><\/div>\n  <div class=\"ue-item-overlay\"><\/div>\n \n    \n        <div class=\"uc_fbps_content \">\n        \n                <div class=\"uc_fbps_container_title\">TAGGING<\/div>\n        \n                <div class=\"uc_fbps_container_desc\">Identificazione delle condotte \/ tubi<br>\nPersonalizzazione del percorso delle condotte \/ tubi<br>\nDivisione degli elementi singoli<br>\nElenco materiali e accessori\n<\/div>\n        \n              <\/div>\n        \n    \n        \n    \n    \n \n<\/div>\n<div class=\"uc_fbps_slide elementor-repeater-item-53fdd9b\" >\n  <div style=\"background-image:url();\" class=\"ue-item-image\"><\/div>\n  <div class=\"ue-item-overlay\"><\/div>\n \n    \n        <div class=\"uc_fbps_content \">\n        \n                <div class=\"uc_fbps_container_title\">STRUCTURAL ENGEENERING<\/div>\n        \n                <div class=\"uc_fbps_container_desc\">Progettazione dell'allestimento, compresi alberi principali, prua e poppa, boccaporti, supporti e fondazioni per attrezzature<br>\nFondazioni per macchine ed attrezzature<br>\nPiani di sollevamento per sezioni e blocchi dello scafo<br>\nDisegni di officina per blocchi dello scafo<br>\nDisegni di officina per fondazioni di macchine ed attrezzature<br>\nDisegni di officina per supporti HVAC<br>\nAlberi principali di prua e poppa, boccaporti, supporti e fondazioni per attrezzature\n<\/div>\n        \n              <\/div>\n        \n    \n        \n    \n    \n \n<\/div>\n<div class=\"uc_fbps_slide elementor-repeater-item-b414ef2\" >\n  <div style=\"background-image:url();\" class=\"ue-item-image\"><\/div>\n  <div class=\"ue-item-overlay\"><\/div>\n \n    \n        <div class=\"uc_fbps_content \">\n        \n                <div class=\"uc_fbps_container_title\">CFD ANALYSIS <\/div>\n        \n                <div class=\"uc_fbps_container_desc\">Rapporto di prova per il test di inclinazione<br>\nLibretto di stabilit\u00e0 a nave integra<br>\nLibretto di stabilit\u00e0 in caso di falla \n<\/div>\n        \n              <\/div>\n        \n    \n        \n    \n    \n \n<\/div>\n<div class=\"uc_fbps_slide elementor-repeater-item-2dd1e41\" >\n  <div style=\"background-image:url(https:\/\/fidema.com\/engineering\/wp-content\/uploads\/ac_assets\/uc_content_slider_new\/1.jpg);\" class=\"ue-item-image\"><\/div>\n  <div class=\"ue-item-overlay\"><\/div>\n \n    \n        <div class=\"uc_fbps_content \">\n        \n                <div class=\"uc_fbps_container_title\">NON-DESTRUCTIVE TESTS<\/div>\n        \n                <div class=\"uc_fbps_container_desc\">Controlli visivi<br>\nControlli con liquidi penetranti<br>\nTest ad ultrasuoni\n<\/div>\n        \n              <\/div>\n        \n    \n        \n    \n    \n \n<\/div>\n\n            <\/div>\n        <\/div>\n<\/div>\n<\/div>\n\t\t\t<!-- end Content Slider -->\t\t<\/div>\n\t\t\t\t<\/div>\n\t\t\t\t\t<\/div>\n\t\t<\/div>\n\t\t\t\t\t<\/div>\n\t\t<\/section>\n\t\t\t\t<\/div>\n\t\t","protected":false},"excerpt":{"rendered":"<p>COSA FACCIAMO BASIC DESIGN FEM ANALISYS COORDINATION PLANS FUNCTIONAL ENGEENERING CFD ANALYSIS TAGGING STRUCTURAL ENGEENERING CFD ANALYSIS NON-DESTRUCTIVE TESTS BASIC DESIGN Studi concettuali e di fattibilit\u00e0 Ottimizzazione dimensionale Specifiche tecniche preliminari Specifica nave Studi di fattibilit\u00e0 SRPT Piano generale Piano di capacit\u00e0 Calcolo preliminare peso nave Piano di Visibilit\u00e0 dalla plancia di comando Calcoli di [&hellip;]<\/p>\n","protected":false},"author":1,"featured_media":0,"parent":0,"menu_order":0,"comment_status":"closed","ping_status":"closed","template":"elementor_header_footer","meta":{"footnotes":""},"class_list":["post-820","page","type-page","status-publish","hentry"],"acf":[],"_links":{"self":[{"href":"https:\/\/fidema.com\/engineering\/wp-json\/wp\/v2\/pages\/820","targetHints":{"allow":["GET"]}}],"collection":[{"href":"https:\/\/fidema.com\/engineering\/wp-json\/wp\/v2\/pages"}],"about":[{"href":"https:\/\/fidema.com\/engineering\/wp-json\/wp\/v2\/types\/page"}],"author":[{"embeddable":true,"href":"https:\/\/fidema.com\/engineering\/wp-json\/wp\/v2\/users\/1"}],"replies":[{"embeddable":true,"href":"https:\/\/fidema.com\/engineering\/wp-json\/wp\/v2\/comments?post=820"}],"version-history":[{"count":131,"href":"https:\/\/fidema.com\/engineering\/wp-json\/wp\/v2\/pages\/820\/revisions"}],"predecessor-version":[{"id":1506,"href":"https:\/\/fidema.com\/engineering\/wp-json\/wp\/v2\/pages\/820\/revisions\/1506"}],"wp:attachment":[{"href":"https:\/\/fidema.com\/engineering\/wp-json\/wp\/v2\/media?parent=820"}],"curies":[{"name":"wp","href":"https:\/\/api.w.org\/{rel}","templated":true}]}}